{"id":7651,"date":"2025-01-23T15:51:31","date_gmt":"2025-01-23T13:51:31","guid":{"rendered":"https:\/\/www.starcitizen.lt\/?page_id=7651"},"modified":"2025-01-23T15:51:36","modified_gmt":"2025-01-23T13:51:36","slug":"kas-yra-star-citizen","status":"publish","type":"page","link":"https:\/\/www.starcitizen.lt\/lt\/kas-yra-star-citizen\/","title":{"rendered":"KAS YRA STAR CITIZEN?"},"content":{"rendered":"<p><\/p>\n\n\n\n<p><\/p>\n\n\n\n<p><\/p>\n\n\n\n<h2 class=\"wp-block-heading\">Star Citizen<\/h2>\n\n\n\n<p>Yra pirmojo asmens atvyro k\u016brimo Alfa \u017eaidimo projektas\u00a0<a href=\"https:\/\/cloudimperiumgames.com\/\" target=\"_blank\" rel=\"noreferrer noopener\">Cloud Imperium<\/a>\u00a0\u017eaidim\u0173 k\u016brimo studijos MMO Kosminis simuliatorius, kuris apima kovas kosminiame laive ir ant \u017eem\u0117s, gyva ekonomik\u0105 ir beveik visk\u0105 k\u0105 galima tik pasvajoti.\u017daidimas pastatytas ant StarEngine (modifikuoto\u00a0<a href=\"https:\/\/aws.amazon.com\/lumberyard\/\" target=\"_blank\" rel=\"noreferrer noopener\">Lumberyard<\/a>\u00a0\u017eaidimo varikliuko). Pamatysite ypa\u010d detalius nuo vidaus iki i\u0161or\u0117s ma\u017eus ir didelius kosminius laivus, kuriuos gal\u0117site skraidyti su draugais,vykdyti misijas,nusileisti ant planet\u0173,tyrin\u0117ti jos pavir\u0161i\u0173 ar aplankyti kvap\u0105 gniau\u017eian\u010dius masinius miestus ,kad ir koks j\u016bs\u0173 tikslas beb\u016bt\u0173.\u0160iuo metu jis pasiekiamas i\u0161bandyti Alfa atvyrojo k\u016brimo stadijoje jau dabar ir kartu galite prisid\u0117ti prie \u017eaidimo tobulinimo.<\/p>\n\n\n\n<p>A\u0161 prognozuoju,kad Star Citizen MMO\/PU Beta \u017eaidimo versija bus i\u0161leista 2021\/23 metais,nors ir gali praeiti daugiau laiko kol \u017eaidimas bus laikomas u\u017ebaigtu.<\/p>\n\n\n\n<figure class=\"wp-block-embed is-type-rich is-provider-embed-handler wp-block-embed-embed-handler wp-embed-aspect-16-9 wp-has-aspect-ratio\"><div class=\"wp-block-embed__wrapper\">\n<iframe loading=\"lazy\" title=\"What is Star Citizen?\" width=\"1140\" height=\"641\" src=\"https:\/\/www.youtube.com\/embed\/m-Rz5PTMuaw?feature=oembed\" frameborder=\"0\" allow=\"accelerometer; autoplay; clipboard-write; encrypted-media; gyroscope; picture-in-picture; web-share\" referrerpolicy=\"strict-origin-when-cross-origin\" allowfullscreen><\/iframe>\n<\/div><\/figure>\n\n\n\n<figure class=\"wp-block-embed is-type-rich is-provider-embed-handler wp-block-embed-embed-handler wp-embed-aspect-16-9 wp-has-aspect-ratio\"><div class=\"wp-block-embed__wrapper\">\n<iframe loading=\"lazy\" title=\"Biggest crowdfunding campaign in gaming history - Star Citizen | Levels\" width=\"1140\" height=\"641\" src=\"https:\/\/www.youtube.com\/embed\/mhKrLCoUte0?feature=oembed\" frameborder=\"0\" allow=\"accelerometer; autoplay; clipboard-write; encrypted-media; gyroscope; picture-in-picture; web-share\" referrerpolicy=\"strict-origin-when-cross-origin\" allowfullscreen><\/iframe>\n<\/div><\/figure>\n\n\n\n<p>\u201eSquadron&nbsp;42\u201c yra vieno \u017eaid\u0117jo kampanija ir \u017eaidimo&nbsp;Wing&nbsp;Commander dvasinis \u012fp\u0117dinis tai yra atskira \u017eaidimo versija ,bet naudojanti ta pati \u017eaidimo&nbsp;varikliuk\u0105,&nbsp;pirmas epizodas i\u0161 trilogijos \u0161iuo metu&nbsp;kuriamas.Taip&nbsp;pat&nbsp;bendradarbiaujant su studija&nbsp;\u201eImaginarium&nbsp;studios\u201c kuri \u0161iuo metu&nbsp;priklauso pa\u010diam &nbsp;<a rel=\"noreferrer noopener\" href=\"http:\/\/www.imdb.com\/name\/nm0785227\/\" target=\"_blank\">Andy Serkis<\/a>&nbsp;\u201eMotion&nbsp;capture\u201c pagalba&nbsp;\u017eaidime&nbsp;bus \u017einomi aktoriai tokie kaip&nbsp;Star&nbsp;wars&nbsp;sagos aktorius&nbsp;<a href=\"http:\/\/www.imdb.com\/name\/nm0000434\/\" target=\"_blank\" rel=\"noreferrer noopener\">Mark Hamill<\/a>&nbsp;ar&nbsp;<a href=\"http:\/\/www.imdb.com\/name\/nm0000198\/?ref_=fn_al_nm_1\" target=\"_blank\" rel=\"noreferrer noopener\">Gary Oldman<\/a>&nbsp;gerai \u017einomas i\u0161&nbsp;Batman&nbsp;Dark&nbsp;Knight&nbsp;trilogijos&nbsp;film\u0173 taip pat&nbsp;<a rel=\"noreferrer noopener\" href=\"http:\/\/www.imdb.com\/name\/nm0722636\/\" target=\"_blank\">John Rhys-Davies<\/a>&nbsp;ir&nbsp;<a rel=\"noreferrer noopener\" href=\"http:\/\/www.imdb.com\/name\/nm0785227\/\" target=\"_blank\">Andy Serkis<\/a>&nbsp;labai gerai \u017einomi i\u0161 Lord of the Rings sagos ir Game of Thrones \u017evaig\u017ed\u0117&nbsp;<a rel=\"noreferrer noopener\" href=\"http:\/\/www.imdb.com\/name\/nm0192377\/\" target=\"_blank\">Liam&nbsp;Cunningham<\/a>&nbsp;taip pat&nbsp;<a rel=\"noreferrer noopener\" href=\"https:\/\/www.imdb.com\/name\/nm0000096\/\" target=\"_blank\">Gillian Anderson<\/a>&nbsp;\u017einoma i\u0161 X failai tv serijos Pla\u010diau&nbsp;apie aktorius:&nbsp;<a href=\"http:\/\/www.imdb.com\/title\/tt5194726\/?ref_=nm_flmg_act_3\">Squadron&nbsp;42&nbsp;<\/a>&nbsp;ir&nbsp;<a href=\"http:\/\/www.imdb.com\/title\/tt4156346\/?ref_=nm_flmg_act_4\">Star Citizen.<\/a><\/p>\n\n\n\n<p>Id\u0117ja yra tai, kad \u017eaidimas yra maksimaliai gra\u017eus ir nenutr\u016bkstamas \u2026 BE KROVIMO LANG\u0172. \u0160iuo metu jis yra Alfa atvirojo k\u016brimo stadijoje su tikslu, kad SQ42 beta pirmas epizodas bus i\u0161leistas&nbsp; 2020\/21 metais.<\/p>\n\n\n\n<p><\/p>\n\n\n\n<figure class=\"wp-block-embed is-type-rich is-provider-embed-handler wp-block-embed-embed-handler wp-embed-aspect-16-9 wp-has-aspect-ratio\"><div class=\"wp-block-embed__wrapper\">\n<iframe loading=\"lazy\" title=\"Squadron 42 Cinematic Teaser\" width=\"1140\" height=\"641\" src=\"https:\/\/www.youtube.com\/embed\/VppjX4to9s4?feature=oembed\" frameborder=\"0\" allow=\"accelerometer; autoplay; clipboard-write; encrypted-media; gyroscope; picture-in-picture; web-share\" referrerpolicy=\"strict-origin-when-cross-origin\" allowfullscreen><\/iframe>\n<\/div><\/figure>\n\n\n\n<p><\/p>\n\n\n\n<figure class=\"wp-block-embed is-type-rich is-provider-embed-handler wp-block-embed-embed-handler wp-embed-aspect-16-9 wp-has-aspect-ratio\"><div class=\"wp-block-embed__wrapper\">\n<iframe loading=\"lazy\" title=\"Squadron 42: 2019 Visual Teaser\" width=\"1140\" height=\"641\" src=\"https:\/\/www.youtube.com\/embed\/_aCE7gxQOVY?feature=oembed\" frameborder=\"0\" allow=\"accelerometer; autoplay; clipboard-write; encrypted-media; gyroscope; picture-in-picture; web-share\" referrerpolicy=\"strict-origin-when-cross-origin\" allowfullscreen><\/iframe>\n<\/div><\/figure>\n\n\n\n<p><a href=\"https:\/\/web.archive.org\/web\/20211207125208\/https:\/\/www.facebook.com\/sharer\/sharer.php?u=http%3A%2F%2Fstarcitizen.lt%2Fstar-citizen%2F\" rel=\"noreferrer noopener\" target=\"_blank\"><\/a><a href=\"https:\/\/web.archive.org\/web\/20211207125208\/http:\/\/twitter.com\/intent\/tweet?text=KAS%20YRA%20STAR%20CITIZEN%3F&amp;url=http%3A%2F%2Fstarcitizen.lt%2Fstar-citizen%2F\" rel=\"noreferrer noopener\" target=\"_blank\"><\/a><a href=\"javascript:void(0)\"><\/a><a href=\"https:\/\/web.archive.org\/web\/20211207125208\/https:\/\/www.blogger.com\/blog_this.pyra?t&amp;u=http%3A%2F%2Fstarcitizen.lt%2Fstar-citizen%2F&amp;l&amp;n=KAS%20YRA%20STAR%20CITIZEN%3F\" rel=\"noreferrer noopener\" target=\"_blank\"><\/a><\/p>","protected":false},"excerpt":{"rendered":"<p>Star Citizen Yra pirmojo asmens atvyro k\u016brimo Alfa \u017eaidimo projektas\u00a0Cloud Imperium\u00a0\u017eaidim\u0173 k\u016brimo studijos MMO Kosminis simuliatorius, kuris apima kovas kosminiame laive ir ant \u017eem\u0117s, gyva ekonomik\u0105 ir beveik visk\u0105 k\u0105 [&hellip;]<\/p>","protected":false},"author":1,"featured_media":0,"parent":0,"menu_order":0,"comment_status":"closed","ping_status":"closed","template":"","meta":{"_tec_requires_first_save":true,"_bbp_topic_count":0,"_bbp_reply_count":0,"_bbp_total_topic_count":0,"_bbp_total_reply_count":0,"_bbp_voice_count":0,"_bbp_anonymous_reply_count":0,"_bbp_topic_count_hidden":0,"_bbp_reply_count_hidden":0,"_bbp_forum_subforum_count":0,"om_disable_all_campaigns":false,"_monsterinsights_skip_tracking":false,"_monsterinsights_sitenote_active":false,"_monsterinsights_sitenote_note":"","_monsterinsights_sitenote_category":0,"_price":"","_stock":"","_tribe_ticket_header":"","_tribe_default_ticket_provider":"","_tribe_ticket_capacity":"0","_ticket_start_date":"","_ticket_end_date":"","_tribe_ticket_show_description":"","_tribe_ticket_show_not_going":false,"_tribe_ticket_use_global_stock":"","_tribe_ticket_global_stock_level":"","_global_stock_mode":"","_global_stock_cap":"","_tribe_rsvp_for_event":"","_tribe_ticket_going_count":"","_tribe_ticket_not_going_count":"","_tribe_tickets_list":"[]","_tribe_ticket_has_attendee_info_fields":false,"_EventAllDay":false,"_EventTimezone":"","_EventStartDate":"","_EventEndDate":"","_EventStartDateUTC":"","_EventEndDateUTC":"","_EventShowMap":false,"_EventShowMapLink":false,"_EventURL":"","_EventCost":"","_EventCostDescription":"","_EventCurrencySymbol":"","_EventCurrencyCode":"","_EventCurrencyPosition":"","_EventDateTimeSeparator":"","_EventTimeRangeSeparator":"","_EventOrganizerID":[],"_EventVenueID":[],"_OrganizerEmail":"","_OrganizerPhone":"","_OrganizerWebsite":"","_VenueAddress":"","_VenueCity":"","_VenueCountry":"","_VenueProvince":"","_VenueState":"","_VenueZip":"","_VenuePhone":"","_VenueURL":"","_VenueStateProvince":"","_VenueLat":"","_VenueLng":"","_VenueShowMap":false,"_VenueShowMapLink":false,"_tribe_blocks_recurrence_rules":"","_tribe_blocks_recurrence_description":"","_tribe_blocks_recurrence_exclusions":"","footnotes":"","_tec_slr_enabled":"","_tec_slr_layout":""},"class_list":["post-7651","page","type-page","status-publish","hentry"],"aioseo_notices":[],"ticketed":false,"_links":{"self":[{"href":"https:\/\/www.starcitizen.lt\/lt\/wp-json\/wp\/v2\/pages\/7651","targetHints":{"allow":["GET"]}}],"collection":[{"href":"https:\/\/www.starcitizen.lt\/lt\/wp-json\/wp\/v2\/pages"}],"about":[{"href":"https:\/\/www.starcitizen.lt\/lt\/wp-json\/wp\/v2\/types\/page"}],"author":[{"embeddable":true,"href":"https:\/\/www.starcitizen.lt\/lt\/wp-json\/wp\/v2\/users\/1"}],"replies":[{"embeddable":true,"href":"https:\/\/www.starcitizen.lt\/lt\/wp-json\/wp\/v2\/comments?post=7651"}],"version-history":[{"count":1,"href":"https:\/\/www.starcitizen.lt\/lt\/wp-json\/wp\/v2\/pages\/7651\/revisions"}],"predecessor-version":[{"id":7689,"href":"https:\/\/www.starcitizen.lt\/lt\/wp-json\/wp\/v2\/pages\/7651\/revisions\/7689"}],"wp:attachment":[{"href":"https:\/\/www.starcitizen.lt\/lt\/wp-json\/wp\/v2\/media?parent=7651"}],"curies":[{"name":"wp","href":"https:\/\/api.w.org\/{rel}","templated":true}]}}