{"id":7290,"date":"2025-01-23T13:45:28","date_gmt":"2025-01-23T11:45:28","guid":{"rendered":"https:\/\/www.starcitizen.lt\/?page_id=7290"},"modified":"2025-01-23T13:45:36","modified_gmt":"2025-01-23T11:45:36","slug":"isigyk","status":"publish","type":"page","link":"https:\/\/www.starcitizen.lt\/lt\/isigyk\/","title":{"rendered":"ISIGYK"},"content":{"rendered":"<p>Star Citizen \u017daidima<br><\/p>\n\n\n\n<figure class=\"wp-block-image size-full\"><img decoding=\"async\" src=\"http:\/\/localhost\/wp-content\/uploads\/2023\/10\/Screenshot_362-1.png\" alt=\"\" class=\"wp-image-5048\"\/><\/figure>\n\n\n\t\t\t<div  class=\"wp-block-grimlock-section grimlock-section--btn-primary grimlock-section--isigyk-star-citizen-ir-squadron-42 alignwide region grimlock-region grimlock-region--mt-0 grimlock-region--mb-0 grimlock-region--pt-7 grimlock-region--pb-7 grimlock-region--12-cols-left region--12-cols-left grimlock-region--container-classic region--container-classic grimlock-section section\" style=\"border-top-color:#eceeef;border-top-style:solid;border-top-width:0;border-bottom-color:#eceeef;border-bottom-style:solid;border-bottom-width:0;z-index:0;\"  >\n\t\t\t<div class=\"region__inner\" style=\"padding-top:7%;padding-bottom:7%;background-color:rgba(0, 0, 0, 0);\">\n\t\t\t\t<div class=\"region__container\">\n\t\t\t\t\t<div class=\"region__row\">\n\t\t\t\t\t\t<div class=\"region__col region__col--1\" >\n\t\t\t\t\t\t\t<div class=\"grimlock-reveal-element grimlock-reveal-element--thumbnail\" >\n\t\t\t\t\t\t\t\t\t\t\t\t\t\t\t<\/div>\n\t\t\t\t\t\t<\/div><!-- .region__col -->\n\t\t\t\t\t\t<div class=\"region__col region__col--2\" >\n\t\t\t\t\t\t\t<div class=\"grimlock-reveal-element grimlock-reveal-element--content\" >\n\t\t\t\t\t\t\t\t\t        <div class=\"grimlock-section__header section__header\">\n\t\t\t\t\n            <h2 class=\"grimlock-section__title section__title grimlock-display-1 display-1\" >\n\t\t\t\tISIGYK STAR CITIZEN IR SQUADRON 42            <\/h2>\n\t\t\t\t        <\/div><!-- .section__header -->\n\t\t\t\t        <div class=\"grimlock-section__content section__content\">\n\t\t\t\t            <div class=\"grimlock-section__text section__text\">\n\t\t\t\t<p>Sveiki atvyk\u0119 \u012f Star Citizen ir Squadron 42 \u012fsigijimo gid\u0105 jei esi naujokas sveikas atvyk\u0119s \u012f visat\u0105 nesl\u0117psiu Star Citizen \u017eaidimas vis dar k\u016brimo stadijoje tod\u0117l jo kelias niekada nesibaigiantis k\u016brimo procesas tai auk\u0161to meistri\u0161kumo reikalaujantis,sud\u0117tingas \u017eaidimas be jokio \u017eaid\u0117jo gido tod\u0117l noriu pad\u0117ti tau kiek gal\u0117siu \u017einoma jei  prisiregistruosi per mano nuorod\u0105 ir \u012fsigys\u012f \u017eaidim\u0105 Star Citizen ar Squadron 42 paremsi Star Citizen Lietuva Bendruomen\u0119 ir gausite 5,000 UEC (United Earth Credits) \u017eaidimo kredit\u0173 nemokamai \u017eemiau rasite instrukcij\u0105 kaip isigyti \u017eaidim\u0105:<\/p>\n            <\/div>\n\t\t\t\t        <\/div><!-- .section__content -->\n\t\t\t\t        <div class=\"grimlock-section__footer section__footer\">\n\t            \n            <a href=\"https:\/\/robertsspaceindustries.com\/enlist?referral=STAR-Y65B-K5NM\" class=\"grimlock-section__btn grimlock-section__btn--1 section__btn btn grimlock-btn-primary btn-primary\" target=\"_blank\">\n\t            ISIGYK STAR CITIZEN            <\/a>\n\t\t\t\t            \t        <\/div><!-- .section__footer -->\n\t\t\t\t\t\t\t\t\t\t<\/div>\n\t\t\t\t\t\t<\/div><!-- .region__col -->\n\t\t\t\t\t<\/div><!-- .region__row -->\n\t\t\t\t<\/div><!-- .region__container -->\n\t\t\t<\/div><!-- .region__inner -->\n\t\t\t<\/div><!-- .grimlock-section -->\n\t\t\n\n\n<figure class=\"wp-block-embed is-type-video is-provider-youtube wp-block-embed-youtube wp-embed-aspect-16-9 wp-has-aspect-ratio\"><div class=\"wp-block-embed__wrapper\">\n<iframe loading=\"lazy\" title=\"Star Citizen: Welcome Hub\" width=\"1140\" height=\"641\" src=\"https:\/\/www.youtube.com\/embed\/gLOY9_Luvn4?feature=oembed\" frameborder=\"0\" allow=\"accelerometer; autoplay; clipboard-write; encrypted-media; gyroscope; picture-in-picture; web-share\" referrerpolicy=\"strict-origin-when-cross-origin\" allowfullscreen><\/iframe>\n<\/div><\/figure>\n\n\n\n<p><br>Norint \u012fsigyti\u00a0<strong>Star Citizen<\/strong>\u00a0jums reikia atlikti \u0161iuos veiksmus:<br><br><\/p>\n\n\n\n<p>Prisiregistruoti prie svetain\u0117s per \u0161ia nuorod\u0105:&nbsp;<a href=\"https:\/\/robertsspaceindustries.com\/enlist?referral=STAR-Y65B-K5NM\" target=\"_blank\" rel=\"noreferrer noopener\">https:\/\/robertsspaceindustries.com\/enlist?referral=STAR-Y65B-K5NM<\/a><\/p>\n\n\n\n<p>arba suvedus skiltyje \u201e<strong>Referral<\/strong>\u201c 12 skaitem\u0173 kod\u0105 <strong>(<a href=\"https:\/\/robertsspaceindustries.com\/enlist?referral=STAR-Y65B-K5NM\">STAR-Y65B-K5NM<\/a>)<\/strong> registruojant nauj\u0105 vartotoj\u0105:<\/p>\n\n\n\n<p><br><\/p>\n\n\n<div class=\"wp-block-image\">\n<figure class=\"aligncenter size-full\"><img decoding=\"async\" src=\"http:\/\/localhost\/wp-content\/uploads\/2023\/10\/Screenshot_361.png\" alt=\"\" class=\"wp-image-5045\"\/><\/figure>\n<\/div>\n\n\n<p class=\"has-text-align-center\"><a href=\"https:\/\/robertsspaceindustries.com\/enlist?referral=STAR-Y65B-K5NM\" target=\"_blank\" rel=\"noopener\" title=\"STAR-Y65B-K5NM\">STAR-Y65B-K5NM<\/a> <br>( STAR-Y65B-K5NM )<\/p>\n\n\n\n<p>Registruojantis nepamir\u0161kite ,kad \u201e<strong>Account Name<\/strong>\u201c yra \u201eHandle\u201c vartotojo vardas kuris bus rodomas pa\u010diame \u017eaidime,bet ne prisijungimas kur\u012f naudosite prisijungti \u012f puslap\u012f.<\/p>\n\n\n\n<p>Prisiregistrav\u0119 per mus(jei tiesiogiai registruojat\u0117s negaunate) gaunate&nbsp;<strong>5,000 UEC<\/strong>&nbsp;(United Earth Credits) \u017eaidimo kredit\u0173 nemokamai kuriuos gal\u0117site i\u0161leisti ginklams, kosminio laivo komponentams,Angaro dekoracijoms ir pana\u0161iai.<\/p>\n\n\n\n<p>\u2022 Prisiregistravus per mano nuorod\u0105 pradedan\u010diojo&nbsp;\u017eaidimo paketus galima rasti \u010dia:<a href=\"https:\/\/robertsspaceindustries.com\/star-citizen\" target=\"_blank\" rel=\"noreferrer noopener\">https:\/\/robertsspaceindustries.com\/star-citizen<\/a>&nbsp;eikite \u012f puslapio apa\u010dia ir pasirinkite vien\u0105 i\u0161 si\u016blom\u0173 \u017eaidimo paket\u0173&nbsp;jums reikia \u012fsigyti bent vien\u0105 i\u0161 \u0161i\u0173 pradedan\u010diojo \u017eaidimo paket\u0173 :<br>&nbsp;<br><strong>Visada atkreipkite d\u0117mes\u012f gal \u0161iuo metu vyksta special\u016bs \u017eaidimo paket\u0173 i\u0161pardavimai juos visada rasite puslapio apa\u010dioje prie\u0161 perkant!<\/strong><\/p>\n\n\n\n<p>&nbsp;<br>Pigiausi pradedan\u010diojo \u017eaidimo paketai kurie visada prieinami:<br>&nbsp;<br><a rel=\"noreferrer noopener\" href=\"https:\/\/web.archive.org\/web\/20211207124251\/https:\/\/robertsspaceindustries.com\/pledge\/Packages\/Mustang-Alpha-Starter-Pack\" target=\"_blank\">MUSTANG ALPHA SC STARTER&nbsp;<\/a>arba&nbsp;<a href=\"https:\/\/robertsspaceindustries.com\/pledge\/Packages\/Aurora-MR-Starter-Pack\" target=\"_blank\" rel=\"noreferrer noopener\">AURORA MR SC STARTER<\/a>&nbsp;be j\u0173 \u017eaidimo parsisi\u0173sti ir \u017eaisti negal\u0117site \u012f j\u012f \u012feina kosminis laivas, laivo draudimas,angaras ir kit\u0105.Visus si\u016blomus \u017eaidimo paketus galima rasti \u010dia:<\/p>\n\n\n\n<p><a href=\"https:\/\/robertsspaceindustries.com\/pledge\/game-packages\">https:\/\/robertsspaceindustries.com\/pledge\/game-packages<\/a><\/p>\n\n\n\n<p>Norint \u012fsigyti ir&nbsp;<strong>Squadron 42<\/strong>&nbsp;vieno \u017eaid\u0117jo istorijos kampanija si\u016blau tai padaryti \u012fsigyjant kartu su Star Citizen \u010dia:<a href=\"https:\/\/robertsspaceindustries.com\/star-citizen\" target=\"_blank\" rel=\"noreferrer noopener\">https:\/\/robertsspaceindustries.com\/star-citizen<\/a>&nbsp;eikite \u012f puslapio apa\u010dia \u012fsigyjant Star Citizen \u017eaidimo paket\u0105 pasirinkite prid\u0117ti Squadron 42 taip gausite nuolaidos pasi\u016blym\u0105 perkant abu \u017eaidimus i\u0161 karto Squadron 42 \u017eaidimo paket\u0105 atskirai galima rasti \u010dia:&nbsp;<a href=\"https:\/\/robertsspaceindustries.com\/pledge\/Packages\/Squadron-42-Standalone-Pledge\">https:\/\/robertsspaceindustries.com\/pledge\/Packages\/Squadron-42-Standalone-Pledge<\/a>&nbsp;&nbsp;veliau jei nor\u0117site savo Star Citizen \u017eaidimo paketo kosminius laivus kuriuos naudosite Star Citizen \u017eaidime gal\u0117site upgrade(patobulinti\/pakeisti) \u012f geresn\u012f kosminio laivo variant\u0105 \u010dia:&nbsp;<a rel=\"noreferrer noopener\" href=\"https:\/\/web.archive.org\/web\/20211207124251\/https:\/\/robertsspaceindustries.com\/pledge\" target=\"_blank\">https:\/\/robertsspaceindustries.com\/pledge<\/a>&nbsp;ir spaud\u017eiam ant \u201eSHIP UPGRADES\u201c.Jei turite koki\u0173 klausim\u0173 su mumis susisiekti galite apsilank\u0119 m\u016bs\u0173&nbsp;<a href=\"https:\/\/www.discord.gg\/sC5xpwpJQ4\" target=\"_blank\" rel=\"noreferrer noopener\">Discord serveryj\u0119<\/a>,<a href=\"https:\/\/www.facebook.com\/LithuanianStarCitizenLietuva\" target=\"_blank\" rel=\"noreferrer noopener\">Facebook puslapyje<\/a>&nbsp;arba&nbsp;<a href=\"http:\/\/localhost\/kontaktai\/\">kontakt\u0173 skiltyje<\/a>.<\/p>\n\n\n\n<p><em><strong>\u201ePakartoju ,kad nereikia i\u0161sig\u0105sti pamin\u0117t\u0173 konceptini\u0173,skryd\u017eiui parengt\u0173 kosmini\u0173 laiv\u0173 ar ant\u017eemini\u0173 transporto priemoni\u0173 &nbsp;kain\u0173 j\u0173 n\u0117ra b\u016btina pirkti nebent norite paremti tolimesn\u012f Star Citizen \u017eaidimo k\u016brim\u0105 kaip atlyg\u012f u\u017e tai gaunate juos i\u0161 karto kaip jie b\u016bna parengti skry\u017eiui pa\u010diame \u017eaidime,LTI(gyvenimo draudim\u0105 laivui) ar kitus pamin\u0117tus specialius bonusus.Jei turite \u012fsigyja Star Citizen \u017eaidimo paket\u0105 jo pilnai pakank\u0105 m\u0117gautis \u017eaidimu ,kadangi visk\u0105 gal\u0117site \u012fsigyti \u017eaidime \u017eaidimo pinigais.\u201c<\/strong><\/em><\/p>\n\n\n\n<figure class=\"wp-block-image size-large\"><img decoding=\"async\" src=\"http:\/\/localhost\/wp-content\/uploads\/2023\/10\/736140-1024x568.jpg\" alt=\"\" class=\"wp-image-4759\"\/><\/figure>","protected":false},"excerpt":{"rendered":"<p>Star Citizen \u017daidima Norint \u012fsigyti\u00a0Star Citizen\u00a0jums reikia atlikti \u0161iuos veiksmus: Prisiregistruoti prie svetain\u0117s per \u0161ia nuorod\u0105:&nbsp;https:\/\/robertsspaceindustries.com\/enlist?referral=STAR-Y65B-K5NM arba suvedus skiltyje \u201eReferral\u201c 12 skaitem\u0173 kod\u0105 (STAR-Y65B-K5NM) registruojant nauj\u0105 vartotoj\u0105: STAR-Y65B-K5NM ( STAR-Y65B-K5NM [&hellip;]<\/p>","protected":false},"author":1,"featured_media":0,"parent":0,"menu_order":0,"comment_status":"closed","ping_status":"closed","template":"","meta":{"_tec_requires_first_save":true,"_bbp_topic_count":0,"_bbp_reply_count":0,"_bbp_total_topic_count":0,"_bbp_total_reply_count":0,"_bbp_voice_count":0,"_bbp_anonymous_reply_count":0,"_bbp_topic_count_hidden":0,"_bbp_reply_count_hidden":0,"_bbp_forum_subforum_count":0,"om_disable_all_campaigns":false,"_monsterinsights_skip_tracking":false,"_monsterinsights_sitenote_active":false,"_monsterinsights_sitenote_note":"","_monsterinsights_sitenote_category":0,"_price":"","_stock":"","_tribe_ticket_header":"","_tribe_default_ticket_provider":"","_tribe_ticket_capacity":"0","_ticket_start_date":"","_ticket_end_date":"","_tribe_ticket_show_description":"","_tribe_ticket_show_not_going":false,"_tribe_ticket_use_global_stock":"","_tribe_ticket_global_stock_level":"","_global_stock_mode":"","_global_stock_cap":"","_tribe_rsvp_for_event":"","_tribe_ticket_going_count":"","_tribe_ticket_not_going_count":"","_tribe_tickets_list":"[]","_tribe_ticket_has_attendee_info_fields":false,"_EventAllDay":false,"_EventTimezone":"","_EventStartDate":"","_EventEndDate":"","_EventStartDateUTC":"","_EventEndDateUTC":"","_EventShowMap":false,"_EventShowMapLink":false,"_EventURL":"","_EventCost":"","_EventCostDescription":"","_EventCurrencySymbol":"","_EventCurrencyCode":"","_EventCurrencyPosition":"","_EventDateTimeSeparator":"","_EventTimeRangeSeparator":"","_EventOrganizerID":[],"_EventVenueID":[],"_OrganizerEmail":"","_OrganizerPhone":"","_OrganizerWebsite":"","_VenueAddress":"","_VenueCity":"","_VenueCountry":"","_VenueProvince":"","_VenueState":"","_VenueZip":"","_VenuePhone":"","_VenueURL":"","_VenueStateProvince":"","_VenueLat":"","_VenueLng":"","_VenueShowMap":false,"_VenueShowMapLink":false,"_tribe_blocks_recurrence_rules":"","_tribe_blocks_recurrence_description":"","_tribe_blocks_recurrence_exclusions":"","footnotes":"","_tec_slr_enabled":"","_tec_slr_layout":""},"class_list":["post-7290","page","type-page","status-publish","hentry"],"aioseo_notices":[],"ticketed":false,"_links":{"self":[{"href":"https:\/\/www.starcitizen.lt\/lt\/wp-json\/wp\/v2\/pages\/7290","targetHints":{"allow":["GET"]}}],"collection":[{"href":"https:\/\/www.starcitizen.lt\/lt\/wp-json\/wp\/v2\/pages"}],"about":[{"href":"https:\/\/www.starcitizen.lt\/lt\/wp-json\/wp\/v2\/types\/page"}],"author":[{"embeddable":true,"href":"https:\/\/www.starcitizen.lt\/lt\/wp-json\/wp\/v2\/users\/1"}],"replies":[{"embeddable":true,"href":"https:\/\/www.starcitizen.lt\/lt\/wp-json\/wp\/v2\/comments?post=7290"}],"version-history":[{"count":1,"href":"https:\/\/www.starcitizen.lt\/lt\/wp-json\/wp\/v2\/pages\/7290\/revisions"}],"predecessor-version":[{"id":7291,"href":"https:\/\/www.starcitizen.lt\/lt\/wp-json\/wp\/v2\/pages\/7290\/revisions\/7291"}],"wp:attachment":[{"href":"https:\/\/www.starcitizen.lt\/lt\/wp-json\/wp\/v2\/media?parent=7290"}],"curies":[{"name":"wp","href":"https:\/\/api.w.org\/{rel}","templated":true}]}}