{"id":4746,"date":"2025-01-19T17:10:17","date_gmt":"2025-01-19T17:10:17","guid":{"rendered":"https:\/\/www.starcitizen.lt\/?page_id=4746"},"modified":"2025-01-23T02:17:56","modified_gmt":"2025-01-23T00:17:56","slug":"parama","status":"publish","type":"page","link":"https:\/\/www.starcitizen.lt\/lt\/parama\/","title":{"rendered":"Parama"},"content":{"rendered":"<p><\/p>\n\n\n\n<h2 class=\"wp-block-heading\">Parama skirta Star Citizen Lietuva Bendruomenei<\/h2>\n\n\n\n<figure class=\"wp-block-pullquote\"><blockquote><p><strong>Prisid\u0117k prie poky\u010di\u0173 \u2013 i\u0161laikykime mus gyvus!<\/strong><br>M\u016bs\u0173 T1 serveriai yra Star Citizen Lietuva bendruomen\u0117s \u0161irdis, leid\u017eianti mums kartu tyrin\u0117ti galaktikas, kurti nuotykius ir dalintis geriausiomis akimirkomis. Ta\u010diau j\u0173 i\u0161laikymas reikalauja nema\u017e\u0173 resurs\u0173 \u2013 tiek finansini\u0173, tiek technini\u0173.<br><strong><mark style=\"background-color:rgba(0, 0, 0, 0)\" class=\"has-inline-color has-armadon-gray-darkest-color\">Pad\u0117k mums pad\u0117ti!<\/mark><\/strong> Tavo parama leid\u017eia mums padengti serveri\u0173 i\u0161laidas, u\u017etikrinti j\u0173 skland\u0173 veikim\u0105 bei \u0161viesi\u0105 bendruomen\u0117s ateit\u012f.<br><strong><mark style=\"background-color:rgba(0, 0, 0, 0)\" class=\"has-inline-color has-armadon-gray-darkest-color\">B\u016bk herojus \u0161iandien!<\/mark><\/strong> Net ma\u017ea auka \u2013 didel\u0117 pagalba. Jei kiekvienas i\u0161 m\u016bs\u0173 prisid\u0117t\u0173 vos keletu eur\u0173, gal\u0117tume u\u017etikrinti serverio veikim\u0105 be trukd\u017ei\u0173 ir pasiruo\u0161ti dar ambicingesniems projektams.<br><strong><mark style=\"background-color:rgba(0, 0, 0, 0)\" class=\"has-inline-color has-armadon-gray-dark-color\">Dovanok vilt\u012f<\/mark> <mark style=\"background-color:rgba(0, 0, 0, 0)\" class=\"has-inline-color has-armadon-gray-dark-color\">m\u016bs\u0173 bendruomenei!<\/mark><\/strong> Prisid\u0117k prie T1 serverio palaikymo ir tapk galaktikos \u0161vyturiu, kurio d\u0117ka Star Citizen Lietuva bendruomen\u0117 klesti.<\/p><\/blockquote><\/figure>\n\n\n\n<div class=\"wp-block-columns are-vertically-aligned-top is-layout-flex wp-container-core-columns-is-layout-9d6595d7 wp-block-columns-is-layout-flex\">\n<div class=\"wp-block-column is-vertically-aligned-top is-layout-flow wp-block-column-is-layout-flow\" style=\"flex-basis:100%\"><script src=\"https:\/\/donorbox.org\/widget.js\" type=\"text\/javascript\"><\/script><iframe src=\"https:\/\/donorbox.org\/embed\/parama\" width=\"100%\" style=\"max-width:500px; min-width:310px;\" seamless=\"seamless\" id=\"dbox-form-embed\" name=\"donorbox\" frameborder=\"0\" scrolling=\"no\" allowpaymentrequest><\/iframe>\n<\/div>\n<\/div>\n\n\n\n<p><\/p>\n\n\n\t\t\t<div  class=\"wp-block-grimlock-divider grimlock-divider grimlock-divider--align-icon-center-center\" style=\"--grimlock-divider-shape-color:#000000;--grimlock-divider-icon-color:#000000;--grimlock-divider-icon-size:20px;--grimlock-divider-height:150px;--grimlock-divider-margin-top:0px;--grimlock-divider-margin-bottom:0px;z-index:0;\"  >\n\t\t\t\t\n\t\t\t<div class=\"grimlock-divider__icon\">\n\n\t\t\t\t<svg width=\"40\" height=\"40\" xmlns=\"http:\/\/www.w3.org\/2000\/svg\" viewbox=\"0 0 40 40\"><\/svg>\n\n\t\t\t<\/div>\n\n\t\t\t\t\t\t\n\t\t\t<div class=\"grimlock-divider__shape\">\n\t\t\t\t<svg viewbox=\"0 0 1600 200\" xmlns=\"http:\/\/www.w3.org\/2000\/svg\" preserveaspectratio=\"none\" class=\"grimlock-divider-svg grimlock-divider-svg--empty\" aria-hidden=\"true\"><\/svg>\n\t\t\t<\/div>\n\n\t\t\t\t\t<\/div>\n\t\t\n\n\n<p><\/p>","protected":false},"excerpt":{"rendered":"<p>Parama skirta Star Citizen Lietuva Bendruomenei Prisid\u0117k prie poky\u010di\u0173 \u2013 i\u0161laikykime mus gyvus!M\u016bs\u0173 T1 serveriai yra Star Citizen Lietuva bendruomen\u0117s \u0161irdis, leid\u017eianti mums kartu tyrin\u0117ti galaktikas, kurti nuotykius ir dalintis [&hellip;]<\/p>","protected":false},"author":1,"featured_media":0,"parent":0,"menu_order":0,"comment_status":"closed","ping_status":"closed","template":"","meta":{"_tec_requires_first_save":true,"_bbp_topic_count":0,"_bbp_reply_count":0,"_bbp_total_topic_count":0,"_bbp_total_reply_count":0,"_bbp_voice_count":0,"_bbp_anonymous_reply_count":0,"_bbp_topic_count_hidden":0,"_bbp_reply_count_hidden":0,"_bbp_forum_subforum_count":0,"om_disable_all_campaigns":false,"_monsterinsights_skip_tracking":false,"_monsterinsights_sitenote_active":false,"_monsterinsights_sitenote_note":"","_monsterinsights_sitenote_category":0,"_price":"","_stock":"","_tribe_ticket_header":"","_tribe_default_ticket_provider":"","_tribe_ticket_capacity":"0","_ticket_start_date":"","_ticket_end_date":"","_tribe_ticket_show_description":"","_tribe_ticket_show_not_going":false,"_tribe_ticket_use_global_stock":"","_tribe_ticket_global_stock_level":"","_global_stock_mode":"","_global_stock_cap":"","_tribe_rsvp_for_event":"","_tribe_ticket_going_count":"","_tribe_ticket_not_going_count":"","_tribe_tickets_list":"[]","_tribe_ticket_has_attendee_info_fields":false,"_EventAllDay":false,"_EventTimezone":"","_EventStartDate":"","_EventEndDate":"","_EventStartDateUTC":"","_EventEndDateUTC":"","_EventShowMap":false,"_EventShowMapLink":false,"_EventURL":"","_EventCost":"","_EventCostDescription":"","_EventCurrencySymbol":"","_EventCurrencyCode":"","_EventCurrencyPosition":"","_EventDateTimeSeparator":"","_EventTimeRangeSeparator":"","_EventOrganizerID":[],"_EventVenueID":[],"_OrganizerEmail":"","_OrganizerPhone":"","_OrganizerWebsite":"","_VenueAddress":"","_VenueCity":"","_VenueCountry":"","_VenueProvince":"","_VenueState":"","_VenueZip":"","_VenuePhone":"","_VenueURL":"","_VenueStateProvince":"","_VenueLat":"","_VenueLng":"","_VenueShowMap":false,"_VenueShowMapLink":false,"_tribe_blocks_recurrence_rules":"","_tribe_blocks_recurrence_description":"","_tribe_blocks_recurrence_exclusions":"","footnotes":"","_tec_slr_enabled":"","_tec_slr_layout":""},"class_list":["post-4746","page","type-page","status-publish","hentry"],"aioseo_notices":[],"ticketed":false,"_links":{"self":[{"href":"https:\/\/www.starcitizen.lt\/lt\/wp-json\/wp\/v2\/pages\/4746","targetHints":{"allow":["GET"]}}],"collection":[{"href":"https:\/\/www.starcitizen.lt\/lt\/wp-json\/wp\/v2\/pages"}],"about":[{"href":"https:\/\/www.starcitizen.lt\/lt\/wp-json\/wp\/v2\/types\/page"}],"author":[{"embeddable":true,"href":"https:\/\/www.starcitizen.lt\/lt\/wp-json\/wp\/v2\/users\/1"}],"replies":[{"embeddable":true,"href":"https:\/\/www.starcitizen.lt\/lt\/wp-json\/wp\/v2\/comments?post=4746"}],"version-history":[{"count":15,"href":"https:\/\/www.starcitizen.lt\/lt\/wp-json\/wp\/v2\/pages\/4746\/revisions"}],"predecessor-version":[{"id":7279,"href":"https:\/\/www.starcitizen.lt\/lt\/wp-json\/wp\/v2\/pages\/4746\/revisions\/7279"}],"wp:attachment":[{"href":"https:\/\/www.starcitizen.lt\/lt\/wp-json\/wp\/v2\/media?parent=4746"}],"curies":[{"name":"wp","href":"https:\/\/api.w.org\/{rel}","templated":true}]}}